{"id":1412,"date":"2022-02-03T15:29:51","date_gmt":"2022-02-03T14:29:51","guid":{"rendered":"https:\/\/www.caffesansalvador.it\/?page_id=1412"},"modified":"2025-06-10T12:01:05","modified_gmt":"2025-06-10T10:01:05","slug":"distributori","status":"publish","type":"page","link":"https:\/\/www.caffesansalvador.it\/en\/distributori\/","title":{"rendered":"Distributori"},"content":{"rendered":"<p>&nbsp;<\/p>\n<p><strong>On this day 28\/01\/2022<\/strong><\/p>\n<p>We TORREFAZIONE SAN SALVADOR manifacturer company located at VILLA DI TIRANO (SO) VIA S. ANTONIO 27 ITALY producer of roasting coffee, decaffeinated coffee and soluble products <strong>confirm that Arvand Tamadon Pars N\u00b0 29 , Imam Jome Alley Naser Khosro St. 1116663914 Teheran IRAN is our exclusive importer and distributor authorized to sell our products mentioned below in ISLAMIC REPUBLIC OF IRAN<\/strong>.<\/p>\n<p>Brands name : CAFFE\u2019 SAN SALVADOR<br \/>\nProducts : Roasting coffee, decaffeinated coffee and soluble products.<\/p>\n<p><strong>This agreement enters in force today 28\/01\/2022 and it will be valid for one years<\/strong>. After this period it shall be tacitly renewed from year to year unless either party terminates it earlier. Terms of payment: only by order as established in price list.<\/p>\n<p>All disputes arising from the performance of this agreement shall be settled through friendly negotiation. Should no settlement be reached through negotiation, the case shall be submitted by Court of Sondrio. The award of the arbitration shall be final and binding upon both parties.<\/p>\n<p>Torrefazione San Salvador srl<\/p>\n<p>&nbsp;<\/p>\n<p><strong>Germany:<\/strong><\/p>\n<p style=\"font-weight: 400\"><a href=\"https:\/\/di-foire.de\/\" data-saferedirecturl=\"https:\/\/www.google.com\/url?q=https:\/\/di-foire.de&amp;source=gmail&amp;ust=1749635364001000&amp;usg=AOvVaw2IxRwPezDlcB4L2PmaAOUh\">https:\/\/di-foire.de<\/a><br \/>\nUnser Gro\u00dfh\u00e4ndler in Deutschland f\u00fcr San Salvador Espresso f\u00fcr Gastronomie und Handel<\/p>\n","protected":false},"excerpt":{"rendered":"<p>&nbsp; On this day 28\/01\/2022 We TORREFAZIONE SAN SALVADOR manifacturer company located at VILLA DI TIRANO (SO) VIA S. ANTONIO 27 ITALY producer of roasting coffee, decaffeinated coffee and soluble products confirm that Arvand Tamadon &#8230; <\/p>\n<p class=\"read-more-container\"><a title=\"Distributori\" class=\"read-more button\" href=\"https:\/\/www.caffesansalvador.it\/en\/distributori\/#more-1412\" aria-label=\"More on Distributori\">Read more<\/a><\/p>\n","protected":false},"author":1,"featured_media":0,"parent":0,"menu_order":0,"comment_status":"closed","ping_status":"closed","template":"","meta":[],"_links":{"self":[{"href":"https:\/\/www.caffesansalvador.it\/en\/wp-json\/wp\/v2\/pages\/1412"}],"collection":[{"href":"https:\/\/www.caffesansalvador.it\/en\/wp-json\/wp\/v2\/pages"}],"about":[{"href":"https:\/\/www.caffesansalvador.it\/en\/wp-json\/wp\/v2\/types\/page"}],"author":[{"embeddable":true,"href":"https:\/\/www.caffesansalvador.it\/en\/wp-json\/wp\/v2\/users\/1"}],"replies":[{"embeddable":true,"href":"https:\/\/www.caffesansalvador.it\/en\/wp-json\/wp\/v2\/comments?post=1412"}],"version-history":[{"count":8,"href":"https:\/\/www.caffesansalvador.it\/en\/wp-json\/wp\/v2\/pages\/1412\/revisions"}],"predecessor-version":[{"id":6658,"href":"https:\/\/www.caffesansalvador.it\/en\/wp-json\/wp\/v2\/pages\/1412\/revisions\/6658"}],"wp:attachment":[{"href":"https:\/\/www.caffesansalvador.it\/en\/wp-json\/wp\/v2\/media?parent=1412"}],"curies":[{"name":"wp","href":"https:\/\/api.w.org\/{rel}","templated":true}]}}