{"id":6980,"date":"2025-12-01T14:58:47","date_gmt":"2025-12-01T13:58:47","guid":{"rendered":"https:\/\/www.caffesansalvador.it\/?post_type=product&#038;p=6980"},"modified":"2025-12-01T15:14:19","modified_gmt":"2025-12-01T14:14:19","slug":"moka-rossana-e-caffe-pinta","status":"publish","type":"product","link":"https:\/\/www.caffesansalvador.it\/en\/prodotto\/moka-rossana-e-caffe-pinta\/","title":{"rendered":"Moka Rossana e caff\u00e8 Pinta"},"content":{"rendered":"<p>Moka\u00a0 3 tazze Made in Italy, adatta per tutti i piani cottura con confezione da 250 Gr caff\u00e8 miscela Pinta.<\/p>\n<p>Il caff\u00e8 con la Moka \u00e8 Casa.<\/p>\n<p>L&#8217;articolo verr\u00e0 spedito nella confezione regalo e con la confezione originale della Moka.<\/p>\n<p>&nbsp;<\/p>\n<p>&nbsp;<\/p>\n","protected":false},"excerpt":{"rendered":"<p>Moka\u00a0 3 tazze Made in Italy, adatta per tutti i piani cottura con confezione da 250 Gr caff\u00e8 miscela Pinta. Il caff\u00e8 con la Moka \u00e8 Casa. L&#8217;articolo verr\u00e0 spedito nella confezione regalo e con &#8230; <\/p>\n<p class=\"read-more-container\"><a title=\"Moka Rossana e caff\u00e8 Pinta\" class=\"read-more button\" href=\"https:\/\/www.caffesansalvador.it\/en\/prodotto\/moka-rossana-e-caffe-pinta\/#more-6980\" aria-label=\"More on Moka Rossana e caff\u00e8 Pinta\">Read more<\/a><\/p>\n","protected":false},"featured_media":6983,"comment_status":"open","ping_status":"closed","template":"","meta":[],"product_cat":[35],"product_tag":[],"_links":{"self":[{"href":"https:\/\/www.caffesansalvador.it\/en\/wp-json\/wp\/v2\/product\/6980"}],"collection":[{"href":"https:\/\/www.caffesansalvador.it\/en\/wp-json\/wp\/v2\/product"}],"about":[{"href":"https:\/\/www.caffesansalvador.it\/en\/wp-json\/wp\/v2\/types\/product"}],"replies":[{"embeddable":true,"href":"https:\/\/www.caffesansalvador.it\/en\/wp-json\/wp\/v2\/comments?post=6980"}],"wp:featuredmedia":[{"embeddable":true,"href":"https:\/\/www.caffesansalvador.it\/en\/wp-json\/wp\/v2\/media\/6983"}],"wp:attachment":[{"href":"https:\/\/www.caffesansalvador.it\/en\/wp-json\/wp\/v2\/media?parent=6980"}],"wp:term":[{"taxonomy":"product_cat","embeddable":true,"href":"https:\/\/www.caffesansalvador.it\/en\/wp-json\/wp\/v2\/product_cat?post=6980"},{"taxonomy":"product_tag","embeddable":true,"href":"https:\/\/www.caffesansalvador.it\/en\/wp-json\/wp\/v2\/product_tag?post=6980"}],"curies":[{"name":"wp","href":"https:\/\/api.w.org\/{rel}","templated":true}]}}